{"id":591,"date":"2024-01-11T20:36:22","date_gmt":"2024-01-12T01:36:22","guid":{"rendered":"https:\/\/hogarparatodos.com.ec\/?page_id=591"},"modified":"2024-01-11T20:38:33","modified_gmt":"2024-01-12T01:38:33","slug":"nuestros-servicios","status":"publish","type":"page","link":"https:\/\/hogarparatodos.com.ec\/?page_id=591","title":{"rendered":"nuestros servicios"},"content":{"rendered":"\n<p><\/p>\n\n\n\n<p><strong><em>Asesoramiento<\/em><\/strong><\/p>\n\n\n\n<p><\/p>\n\n\n\n<p>Brindamos el acompa\u00f1amiento para la adquisici\u00f3n de terrenos o viviendas que requieran o no de remodelaci\u00f3n, basados en nuestra experiencia estamos prestos a alertar a nuestros clientes con los pro y contra en la posible compra que van a realizar.<\/p>\n\n\n\n<p><\/p>\n\n\n\n<p><strong><em>Planifiaci\u00f3n<\/em><\/strong><\/p>\n\n\n\n<p><\/p>\n\n\n\n<p>Realizamos la respectiva planificaci\u00f3n desde el inicio de la construcci\u00f3n hasta la entrega de las llaves de casa al propietario, hacemos el an\u00e1lisis de tiempo, el cual se presenta a la persona que nos contrata y le entregamos un cronograma con avance de obra y desembolso de dinero.<\/p>\n\n\n\n<p><\/p>\n\n\n\n<p><\/p>\n\n\n\n<p><strong><em>Dise\u00f1o arquitect\u00f3nico y estructural<\/em><\/strong><\/p>\n\n\n\n<p><\/p>\n\n\n\n<p>Nos preocupamos porque el dise\u00f1o sea funcional, confortable, amplio y seguro, conjugamos dise\u00f1os modernos arquitect\u00f3nicos con la automatizaci\u00f3n con las herramientas emergentes tecnol\u00f3gicas, estamos en capacidad de dise\u00f1ar para tener una casa inteligente con comandos de voz, adem\u00e1s realizamos procesos de aprobaci\u00f3n de planos en el municipio. Junto con el dise\u00f1o arquitect\u00f3nico se entregan planos estructurales, hidro-sanitarios, el\u00e9ctricos y de datos.<\/p>\n\n\n\n<p><\/p>\n\n\n\n<p><strong><em>Construcci\u00f3n<\/em><\/strong><\/p>\n\n\n\n<p><\/p>\n\n\n\n<p>Tambi\u00e9n realizamos la ejecuci\u00f3n de obra en la construcci\u00f3n, ya sea tradicional, modular, mixta, le asesoramos al cliente con la mejor opci\u00f3n antes de empezar la construcci\u00f3n o seguimos los planos de acuerdo a lo requerido.<\/p>\n\n\n\n<p><\/p>\n\n\n\n<p><strong><em>Automatizaci\u00f3n<\/em><\/strong><\/p>\n\n\n\n<p><\/p>\n\n\n\n<p>Con nuestro equipo de ingenieros electr\u00f3nicos siempre al d\u00eda con la tecnolog\u00eda proveemos, instalamos o adecuamos los dispositivos electr\u00f3nicos a cortinas, cerraduras, sistemas de audio, c\u00e1maras entre otros dispositivos que se puedan controlar desde el celular.<\/p>\n\n\n\n<p><\/p>\n\n\n\n<p><a href=\"https:\/\/hogarparatodos.com.ec\/?page_id=210\" title=\"VISITA NUESTROS PROYECTOS \"><strong>VISITA NUESTROS PROYECTOS<\/strong> <\/a><\/p>\n","protected":false},"excerpt":{"rendered":"<p>Asesoramiento Brindamos el acompa\u00f1amiento para la adquisici\u00f3n de terrenos o viviendas que requieran o no de remodelaci\u00f3n, basados en nuestra experiencia estamos prestos a alertar a nuestros clientes con los pro y contra en la posible compra que van a realizar. Planifiaci\u00f3n Realizamos la respectiva planificaci\u00f3n desde el inicio de la construcci\u00f3n hasta la entrega&hellip;&nbsp;<a href=\"https:\/\/hogarparatodos.com.ec\/?page_id=591\" class=\"\" rel=\"bookmark\">Leer m\u00e1s &raquo;<span class=\"screen-reader-text\">nuestros servicios<\/span><\/a><\/p>\n","protected":false},"author":2,"featured_media":0,"parent":0,"menu_order":0,"comment_status":"closed","ping_status":"closed","template":"","meta":{"om_disable_all_campaigns":false,"neve_meta_sidebar":"","neve_meta_container":"","neve_meta_enable_content_width":"","neve_meta_content_width":0,"neve_meta_title_alignment":"","neve_meta_author_avatar":"","neve_post_elements_order":"","neve_meta_disable_header":"","neve_meta_disable_footer":"","neve_meta_disable_title":"","_themeisle_gutenberg_block_has_review":false,"_ti_tpc_template_sync":false,"_ti_tpc_template_id":"","footnotes":""},"aioseo_notices":[],"jetpack_sharing_enabled":true,"_links":{"self":[{"href":"https:\/\/hogarparatodos.com.ec\/index.php?rest_route=\/wp\/v2\/pages\/591"}],"collection":[{"href":"https:\/\/hogarparatodos.com.ec\/index.php?rest_route=\/wp\/v2\/pages"}],"about":[{"href":"https:\/\/hogarparatodos.com.ec\/index.php?rest_route=\/wp\/v2\/types\/page"}],"author":[{"embeddable":true,"href":"https:\/\/hogarparatodos.com.ec\/index.php?rest_route=\/wp\/v2\/users\/2"}],"replies":[{"embeddable":true,"href":"https:\/\/hogarparatodos.com.ec\/index.php?rest_route=%2Fwp%2Fv2%2Fcomments&post=591"}],"version-history":[{"count":2,"href":"https:\/\/hogarparatodos.com.ec\/index.php?rest_route=\/wp\/v2\/pages\/591\/revisions"}],"predecessor-version":[{"id":594,"href":"https:\/\/hogarparatodos.com.ec\/index.php?rest_route=\/wp\/v2\/pages\/591\/revisions\/594"}],"wp:attachment":[{"href":"https:\/\/hogarparatodos.com.ec\/index.php?rest_route=%2Fwp%2Fv2%2Fmedia&parent=591"}],"curies":[{"name":"wp","href":"https:\/\/api.w.org\/{rel}","templated":true}]}}