{"id":533,"date":"2024-01-11T17:30:43","date_gmt":"2024-01-11T22:30:43","guid":{"rendered":"https:\/\/hogarparatodos.com.ec\/?page_id=533"},"modified":"2024-01-11T18:39:31","modified_gmt":"2024-01-11T23:39:31","slug":"girasoles-ii-casa-1","status":"publish","type":"page","link":"https:\/\/hogarparatodos.com.ec\/?page_id=533","title":{"rendered":"GIRASOLES II &#8211; CASA 1"},"content":{"rendered":"\n<p>Una casa con amplias zonas verdes, habitaciones para cama de 2 plazas confortables.<\/p>\n\n\n\n<figure class=\"wp-block-image size-large\"><img loading=\"lazy\" decoding=\"async\" width=\"1024\" height=\"675\" src=\"https:\/\/hogarparatodos.com.ec\/wp-content\/uploads\/2024\/01\/Girasoles-II-implantacion-casa1_1-1024x675.png\" alt=\"\" class=\"wp-image-546\" srcset=\"https:\/\/hogarparatodos.com.ec\/wp-content\/uploads\/2024\/01\/Girasoles-II-implantacion-casa1_1-1024x675.png 1024w, https:\/\/hogarparatodos.com.ec\/wp-content\/uploads\/2024\/01\/Girasoles-II-implantacion-casa1_1-300x198.png 300w, https:\/\/hogarparatodos.com.ec\/wp-content\/uploads\/2024\/01\/Girasoles-II-implantacion-casa1_1-768x507.png 768w, https:\/\/hogarparatodos.com.ec\/wp-content\/uploads\/2024\/01\/Girasoles-II-implantacion-casa1_1-1320x871.png 1320w, https:\/\/hogarparatodos.com.ec\/wp-content\/uploads\/2024\/01\/Girasoles-II-implantacion-casa1_1.png 1445w\" sizes=\"(max-width: 1024px) 100vw, 1024px\" \/><\/figure>\n\n\n\n<p><strong>1er piso<\/strong><\/p>\n\n\n\n<div class=\"wp-block-columns is-layout-flex wp-container-core-columns-layout-1 wp-block-columns-is-layout-flex\">\n<div class=\"wp-block-column is-layout-flow wp-block-column-is-layout-flow\" style=\"flex-basis:100%\">\n<ul>\n<li> Sala<\/li>\n\n\n\n<li> Comedor<\/li>\n\n\n\n<li> Cocina<\/li>\n\n\n\n<li> Ba\u00f1o Social<\/li>\n<\/ul>\n<\/div>\n<\/div>\n\n\n\n<p><strong>2do piso<\/strong><\/p>\n\n\n\n<ul>\n<li> Sala de estar<\/li>\n\n\n\n<li> Estudio<\/li>\n\n\n\n<li> 2 amplias habitaciones con 1 ba\u00f1o completo compartido<\/li>\n\n\n\n<li> 1 habitaci\u00f3n master con walk-in-closet, ba\u00f1o master equipado con dos lavabos, ducha y tina hidromasaje<\/li>\n<\/ul>\n\n\n\n<p><strong>3er piso<\/strong><\/p>\n\n\n\n<ul>\n<li> Terraza<\/li>\n<\/ul>\n\n\n\n<p><\/p>\n\n\n\n<p><strong><em>Acabados<\/em><\/strong><\/p>\n\n\n\n<p>Acabados altos con pisos de porcelanato, puertas y muebles de melamina, piezas sanitarias importadas y nacionales, puerta de ingreso principal de madera con cerradura inteligente (huella, c\u00f3digo, llave, aplicaci\u00f3n), ventanas piel de vidrio como en grandes edificios, pintura externa tipo elastom\u00e9rica (la m\u00e1s alta resistencia al agua, tipo pl\u00e1stica).<\/p>\n\n\n\n<p><\/p>\n\n\n\n<p><strong><em>Amenidades:<\/em><\/strong><\/p>\n\n\n\n<p>El conjunto est\u00e1 situado en Cashapamba, en el Valle de Los Chillos, en un sector residencial de alta plusval\u00eda.<\/p>\n\n\n\n<p>La amplia sala comunal permite organizar reuniones, eventos, y fiestas infantiles sin molestar a los vecinos.<\/p>\n\n\n\n<p>Adicionalmente el conjunto dispone de \u00e1reas verdes comunales (\u00a1los ni\u00f1os son los m\u00e1s beneficiados!)<\/p>\n\n\n\n<p>El conjunto es cerrado y dispone de guardian\u00eda (\u00a1sus hijos estar\u00e1n seguros!).<\/p>\n\n\n\n<h3 class=\"wp-block-heading\"><\/h3>\n\n\n\n<p>En las canchas ni\u00f1os y adultos podr\u00e1n disfrutar de actividades deportivas:<\/p>\n\n\n\n<ul>\n<li>B\u00e1squet<\/li>\n<\/ul>\n\n\n\n<ul>\n<li>F\u00fatbol<\/li>\n<\/ul>\n\n\n\n<ul>\n<li>V\u00f3ley<\/li>\n<\/ul>\n\n\n\n<h3 class=\"wp-block-heading\">Colegios cercanos:<\/h3>\n\n\n\n<ul>\n<li>Colegio Cashapamba (5 min a pie).<\/li>\n<\/ul>\n\n\n\n<ul>\n<li>Unidad Educativa Telmo Hidalgo (Rumiloma).<\/li>\n<\/ul>\n\n\n\n<ul>\n<li>Academia Militar del Valle (San Rafael).<\/li>\n<\/ul>\n\n\n\n<ul>\n<li>Colegio Giovanni Farina (San Rafael).<\/li>\n<\/ul>\n\n\n\n<ul>\n<li>Unidad Educativa Lev Vygotsky (Sangolqu\u00ed).<\/li>\n<\/ul>\n\n\n\n<ul>\n<li>Colegio Jaques Dalcroze (San Rafael).<\/li>\n<\/ul>\n\n\n\n<h3 class=\"wp-block-heading\">Universidades cercanas:<\/h3>\n\n\n\n<ul>\n<li>Universidad de las Fuerzas Armadas \u2013 ESPE. <\/li>\n<\/ul>\n\n\n\n<h3 class=\"wp-block-heading\">centros comerciales cercanos:<\/h3>\n\n\n\n<p><\/p>\n\n\n\n<ul>\n<li>San Luis Shopping (San Rafael).<\/li>\n<\/ul>\n\n\n\n<ul>\n<li>River Mall (Sangolqu\u00ed).<\/li>\n<\/ul>\n\n\n\n<ul>\n<li>Hipermarket (San Rafael). Supermercados cercanos:<\/li>\n\n\n\n<li>Santa Mar\u00eda (San Jos\u00e9, Sangolqu\u00ed).<\/li>\n<\/ul>\n\n\n\n<ul>\n<li>Ak\u00ed (Sangolqu\u00ed).<\/li>\n<\/ul>\n\n\n\n<ul>\n<li>T\u00eda (Sangolqu\u00ed).<\/li>\n<\/ul>\n\n\n\n<ul>\n<li>Kywi (San Luis).<\/li>\n<\/ul>\n\n\n\n<ul>\n<li>Megamaxi (San Luis).<\/li>\n<\/ul>\n\n\n\n<h3 class=\"wp-block-heading\">Bancos cercanos:<\/h3>\n\n\n\n<ul>\n<li>Produbanco (San Luis, San Rafael).<\/li>\n\n\n\n<li>Banco Pichincha (San Luis, San Rafael).<\/li>\n<\/ul>\n\n\n\n<ul>\n<li>Banco Internacional (San Luis, San Rafael).)<\/li>\n<\/ul>\n\n\n\n<ul>\n<li>Banco del Pac\u00edfico (San Luis, San Rafael).<\/li>\n<\/ul>\n\n\n\n<h3 class=\"wp-block-heading\">Transporte p\u00fablico a la mano:<\/h3>\n\n\n\n<ul>\n<li>Flota Marco Polo (a Quito, La Mar\u00edn), parada Urbanizaci\u00f3n Ejercito Nacional.<\/li>\n<\/ul>\n\n\n\n<ul>\n<li>Flota P\u00edntag (a Quito), parada Colegio Nacional Cashapamba.<\/li>\n<\/ul>\n\n\n\n<ul>\n<li>Flota Expreso (a Quito, Universidad Cat\u00f3lica), parada Colegio Nacional Cashapamba.<\/li>\n<\/ul>\n\n\n\n<ul>\n<li>Flota Loreto (a Sangolqu\u00ed), parada Urbanizaci\u00f3n Ejercito Nacional.<\/li>\n<\/ul>\n\n\n\n<h3 class=\"wp-block-heading\">Parques cercanos:<\/h3>\n\n\n\n<ul>\n<li>Parque Lineal Santa Clara (R\u00edo Santa Clara).<\/li>\n<\/ul>\n\n\n\n<ul>\n<li>Bulevar San Pedro de Taboada (R\u00edo San Pedro).<\/li>\n<\/ul>\n\n\n\n<ul>\n<li>Parque Ecol\u00f3gico Alegr\u00eda (San Rafael).<\/li>\n<\/ul>\n\n\n\n<ul>\n<li>Parque El Ejido (Sangolqu\u00ed)<\/li>\n<\/ul>\n\n\n\n<h3 class=\"wp-block-heading\">Balnearios cercanos:<\/h3>\n\n\n\n<ul>\n<li>Balneario del Tingo.<\/li>\n<\/ul>\n\n\n\n<ul>\n<li>Termas de La Merced.<\/li>\n<\/ul>\n\n\n\n<ul>\n<li>Complejo Tur\u00edstico Angamarca (v\u00eda Alangas\u00ed-La Merced).<\/li>\n<\/ul>\n\n\n\n<ul>\n<li>Complejo Deportivo Ushimana (antigua v\u00eda a Alangas\u00ed).<\/li>\n<\/ul>\n\n\n\n<ul>\n<li>Complejo Acu\u00e1tico Rumiloma (Guangopolo).<\/li>\n<\/ul>\n\n\n\n<h3 class=\"wp-block-heading\">Atractivos naturales cercanos:<\/h3>\n\n\n\n<ul>\n<li>Gran Cascada del R\u00edo Pita.<\/li>\n<\/ul>\n\n\n\n<ul>\n<li>Cascada C\u00f3ndor Machay.<\/li>\n<\/ul>\n\n\n\n<ul>\n<li>Cascada Kimsa.<\/li>\n<\/ul>\n\n\n\n<ul>\n<li>Refugio de Vida Silvestre Pasochoa.<\/li>\n<\/ul>\n\n\n\n<ul>\n<li>Bosque Protector Ilal\u00f3.<\/li>\n<\/ul>\n","protected":false},"excerpt":{"rendered":"<p>Una casa con amplias zonas verdes, habitaciones para cama de 2 plazas confortables. 1er piso 2do piso 3er piso Acabados Acabados altos con pisos de porcelanato, puertas y muebles de melamina, piezas sanitarias importadas y nacionales, puerta de ingreso principal de madera con cerradura inteligente (huella, c\u00f3digo, llave, aplicaci\u00f3n), ventanas piel de vidrio como en&hellip;&nbsp;<a href=\"https:\/\/hogarparatodos.com.ec\/?page_id=533\" class=\"\" rel=\"bookmark\">Leer m\u00e1s &raquo;<span class=\"screen-reader-text\">GIRASOLES II &#8211; CASA 1<\/span><\/a><\/p>\n","protected":false},"author":2,"featured_media":0,"parent":210,"menu_order":0,"comment_status":"closed","ping_status":"closed","template":"","meta":{"om_disable_all_campaigns":false,"neve_meta_sidebar":"","neve_meta_container":"","neve_meta_enable_content_width":"","neve_meta_content_width":0,"neve_meta_title_alignment":"","neve_meta_author_avatar":"","neve_post_elements_order":"","neve_meta_disable_header":"","neve_meta_disable_footer":"","neve_meta_disable_title":"","_themeisle_gutenberg_block_has_review":false,"_ti_tpc_template_sync":false,"_ti_tpc_template_id":"","footnotes":""},"aioseo_notices":[],"jetpack_sharing_enabled":true,"_links":{"self":[{"href":"https:\/\/hogarparatodos.com.ec\/index.php?rest_route=\/wp\/v2\/pages\/533"}],"collection":[{"href":"https:\/\/hogarparatodos.com.ec\/index.php?rest_route=\/wp\/v2\/pages"}],"about":[{"href":"https:\/\/hogarparatodos.com.ec\/index.php?rest_route=\/wp\/v2\/types\/page"}],"author":[{"embeddable":true,"href":"https:\/\/hogarparatodos.com.ec\/index.php?rest_route=\/wp\/v2\/users\/2"}],"replies":[{"embeddable":true,"href":"https:\/\/hogarparatodos.com.ec\/index.php?rest_route=%2Fwp%2Fv2%2Fcomments&post=533"}],"version-history":[{"count":9,"href":"https:\/\/hogarparatodos.com.ec\/index.php?rest_route=\/wp\/v2\/pages\/533\/revisions"}],"predecessor-version":[{"id":551,"href":"https:\/\/hogarparatodos.com.ec\/index.php?rest_route=\/wp\/v2\/pages\/533\/revisions\/551"}],"up":[{"embeddable":true,"href":"https:\/\/hogarparatodos.com.ec\/index.php?rest_route=\/wp\/v2\/pages\/210"}],"wp:attachment":[{"href":"https:\/\/hogarparatodos.com.ec\/index.php?rest_route=%2Fwp%2Fv2%2Fmedia&parent=533"}],"curies":[{"name":"wp","href":"https:\/\/api.w.org\/{rel}","templated":true}]}}