{"id":210,"date":"2020-02-04T05:20:15","date_gmt":"2020-02-04T05:20:15","guid":{"rendered":"https:\/\/demosites.io\/architecture-gb\/?page_id=210"},"modified":"2024-03-04T16:32:23","modified_gmt":"2024-03-04T21:32:23","slug":"e866c-project-details","status":"publish","type":"page","link":"https:\/\/hogarparatodos.com.ec\/","title":{"rendered":"Girasoles-II"},"content":{"rendered":"\n<div id=\"wp-block-themeisle-blocks-advanced-columns-71126027\" class=\"wp-block-themeisle-blocks-advanced-columns alignfull has-1-columns has-desktop-equal-layout has-tablet-equal-layout has-mobile-equal-layout has-vertical-center\"><div class=\"wp-block-themeisle-blocks-advanced-columns-overlay\"><\/div><div class=\"innerblocks-wrap\">\n<div id=\"wp-block-themeisle-blocks-advanced-column-3173e8ac\" class=\"wp-block-themeisle-blocks-advanced-column\">\n<h1 class=\"wp-block-heading has-text-align-center has-nv-text-dark-bg-color has-text-color\">Girasoles II<\/h1>\n\n\n\n<p class=\"has-text-align-center has-nv-text-dark-bg-color has-text-color\"> <\/p>\n\n\n\n<p class=\"has-text-align-center has-nv-text-dark-bg-color has-text-color\">Un proyecto espectacular pensado en aprovechar lo maravilloso del sector donde esta construido para ofrecer a la familia una vida sin igual, con grandes espacios, dise\u00f1o vanguardista y moderno; Un hogar moderno con tecnolog\u00eda al servicio de la familia para hacer de su vida una experiencia sin igual.<\/p>\n<\/div>\n<\/div><\/div>\n\n\n\n<div id=\"wp-block-themeisle-blocks-advanced-columns-05a9f139\" class=\"wp-block-themeisle-blocks-advanced-columns alignfull has-2-columns has-desktop-equal-layout has-tablet-equal-layout has-mobile-collapsedRows-layout has-vertical-center ticss-7c3b5c80 has-light-bg\"><div class=\"wp-block-themeisle-blocks-advanced-columns-overlay\"><\/div><div class=\"innerblocks-wrap\">\n<div id=\"wp-block-themeisle-blocks-advanced-column-ab343fda\" class=\"wp-block-themeisle-blocks-advanced-column\">\n<h6 class=\"wp-block-heading wp-block-themeisle-blocks-advanced-heading wp-block-themeisle-blocks-advanced-heading-6054b6ee\" id=\"wp-block-themeisle-blocks-advanced-heading-6054b6ee\"> <strong>A<\/strong>cerca del proyecto<\/h6>\n\n\n\n<h2 class=\"wp-block-heading\">Descripci\u00f3n del proyecto<\/h2>\n\n\n\n<p class=\"has-text-align-justify\">La paz, seguridad, y salud de la familia est\u00e1n por sobre todo lo dem\u00e1s. \u00bfQu\u00e9 mejor que ofrecer a sus hijos un lugar tranquilo para que puedan crecer sanos y activos, en un conjunto cerrado y vigilado, lejos de los peligros de la gran ciudad? y a la vez a minutos de zonas comerciales e instituciones educativas <\/p>\n\n\n\n<p class=\"has-text-align-justify\">Girasoles II, es nuestro segundo proyecto, Ubicado en zona exclusiva del Valle de los Chillos, un proyecto desarrollado con la mejor tecnolog\u00eda sismo resistente en combinaci\u00f3n con la construcci\u00f3n tradicional.<\/p>\n\n\n\n<p class=\"has-text-align-justify\">El proyecto esta compuesto por 2 casas totalmente independientes con sus respectivos ingresos de auto y peatonal tambi\u00e9n independientes, jardines frontal, lateral y posterior, casas tipo minimalista de ambiente abierto de 2 pisos con acceso al tercer piso (terraza), ubicadas dentro de urbanizaci\u00f3n privada que dispone de las siguientes amenidades:<\/p>\n\n\n\n<ul>\n<li>&#8211; Guardian\u00eda privada para mayor seguridad<\/li>\n\n\n\n<li>&#8211; Casa comunal para eventos<\/li>\n\n\n\n<li>&#8211; Canchas para entretenimiento<\/li>\n\n\n\n<li>&#8211; \u00c1reas para ni\u00f1os<\/li>\n\n\n\n<li>&#8211; Amplias zonas verdes<\/li>\n\n\n\n<li>&#8211; Senderos<\/li>\n<\/ul>\n\n\n\n<p><\/p>\n\n\n\n<p class=\"has-text-align-justify\">La ubicaci\u00f3n estrat\u00e9gica permite el estar a minutos de centros comerciales, como San Luis Shopping o River Mall, as\u00ed como de principales \u00e1reas de comercio y centros de estudio.<\/p>\n\n\n\n<div id=\"wp-block-themeisle-blocks-progress-bar-bae20053\" class=\"wp-block-themeisle-blocks-progress-bar ticss-0b8ade26 sm-label\" data-percent=\"96\" data-duration=\"2\"><div class=\"wp-block-themeisle-blocks-progress-bar__area\"><div class=\"wp-block-themeisle-blocks-progress-bar__area__title\"><span>DISE\u00d1O<\/span><\/div><div class=\"wp-block-themeisle-blocks-progress-bar__area__bar\"><\/div><\/div><\/div>\n\n\n\n<p class=\"has-text-align-justify\">Dos hermosas casas, con sala, comedor, cocina estilo americano, ba\u00f1o social, 2 amplias habitaciones con ba\u00f1o compartido y habitaci\u00f3n master con walk-in-closet y ba\u00f1o con ducha y tina hidromasaje. <\/p>\n\n\n\n<figure class=\"wp-block-gallery has-nested-images columns-default is-cropped wp-block-gallery-1 is-layout-flex wp-block-gallery-is-layout-flex\">\n<figure class=\"wp-block-image size-large\"><img loading=\"lazy\" decoding=\"async\" width=\"1024\" height=\"573\" src=\"https:\/\/hogarparatodos.com.ec\/wp-content\/uploads\/2024\/01\/casas-girasoles2-1024x573.png\" alt=\"\" class=\"wp-image-517\" srcset=\"https:\/\/hogarparatodos.com.ec\/wp-content\/uploads\/2024\/01\/casas-girasoles2-1024x573.png 1024w, https:\/\/hogarparatodos.com.ec\/wp-content\/uploads\/2024\/01\/casas-girasoles2-300x168.png 300w, https:\/\/hogarparatodos.com.ec\/wp-content\/uploads\/2024\/01\/casas-girasoles2-768x429.png 768w, https:\/\/hogarparatodos.com.ec\/wp-content\/uploads\/2024\/01\/casas-girasoles2-1320x738.png 1320w, https:\/\/hogarparatodos.com.ec\/wp-content\/uploads\/2024\/01\/casas-girasoles2.png 1370w\" sizes=\"(max-width: 1024px) 100vw, 1024px\" \/><\/figure>\n<\/figure>\n\n\n\n<div id=\"wp-block-themeisle-blocks-progress-bar-95a3bc78\" class=\"wp-block-themeisle-blocks-progress-bar ticss-95a3bc78 sm-label\" data-percent=\"87\" data-duration=\"2\"><div class=\"wp-block-themeisle-blocks-progress-bar__area\"><div class=\"wp-block-themeisle-blocks-progress-bar__area__title\"><span>CONSTRUCCI\u00d3N<\/span><\/div><div class=\"wp-block-themeisle-blocks-progress-bar__area__bar\"><\/div><\/div><\/div>\n\n\n\n<p class=\"has-text-align-justify\">Con una construcci\u00f3n vanguardista, losas de tipo tradicional con paredes reforzadas con hierro en bloques macizos, lo \u00faltimo en tecnolog\u00eda sismo-resistente asegura su inversi\u00f3n y la seguridad de la familia.<\/p>\n\n\n\n<p class=\"has-text-align-justify\">Toda la construcci\u00f3n desde sus inicios hasta su culminaci\u00f3n ha sido aprobada y sigue las normas vigentes ecuatorianas de construcci\u00f3n aprobadas, posterior al \u00faltimo terremoto en nuestro territorio <\/p>\n\n\n\n<div id=\"wp-block-themeisle-blocks-progress-bar-1b9aa440\" class=\"wp-block-themeisle-blocks-progress-bar ticss-cf6b61a8 sm-label\" data-percent=\"42\" data-duration=\"2\"><div class=\"wp-block-themeisle-blocks-progress-bar__area\"><div class=\"wp-block-themeisle-blocks-progress-bar__area__title\"><span>UBICACI\u00d3N<\/span><\/div><div class=\"wp-block-themeisle-blocks-progress-bar__area__bar\"><\/div><\/div><\/div>\n\n\n\n<p class=\"has-text-align-justify\">Casas localizada en zona exclusiva en el valle de lo chillos con acceso a todos los servicios amplias zonas verdes<\/p>\n\n\n<div style=\"height:400pxpx;\" class=\"wp-block-themeisle-blocks-leaflet-map\" id=\"wp-block-themeisle-blocks-leaflet-map-c0423011\"><\/div>\n<script type=\"text\/javascript\">\n\t\/* <![CDATA[ *\/\n\t\tif ( ! window.themeisleLeafletMaps ) window.themeisleLeafletMaps =[];\n\t\twindow.themeisleLeafletMaps.push( { container: \"wp-block-themeisle-blocks-leaflet-map-c0423011\", attributes: {\"id\":\"wp-block-themeisle-blocks-leaflet-map-c0423011\",\"latitude\":\"-0.33574090982036753\",\"longitude\":\"-78.4226793050766\",\"bbox\":\"-78.42375218868257,-0.33681377494760384,-78.42160642147064,-0.33466804457538707\",\"zoom\":18,\"location\":\"La Sagrada Familia, Barcelona, Spain\",\"height\":\"400px\",\"markers\":[],\"zoomControl\":true,\"draggable\":true,\"hasCustomCSS\":false,\"customCSS\":\"\",\"otterConditions\":[]} } );\n\t\/* ]]> *\/\n<\/script>\n\n\n\n<div data-map-provider=\"mapbox\" data-api-key=\"\" class=\"wp-block-jetpack-map\" data-map-style=\"default\" data-map-details=\"true\" data-points=\"[]\" data-zoom=\"13\" data-map-center=\"{&quot;longitude&quot;:-122.41941550000001,&quot;latitude&quot;:37.7749295}\" data-marker-color=\"red\" data-show-fullscreen-button=\"true\"><\/div>\n<\/div>\n\n\n\n<div id=\"wp-block-themeisle-blocks-advanced-column-3facdf7a\" class=\"wp-block-themeisle-blocks-advanced-column\">\n<p><strong><em>Un vistazo del proyecto<\/em><\/strong><\/p>\n\n\n\n<figure class=\"wp-block-embed is-type-video is-provider-youtube wp-block-embed-youtube wp-embed-aspect-16-9 wp-has-aspect-ratio\"><div class=\"wp-block-embed__wrapper\">\n<div class=\"nv-iframe-embed\"><iframe loading=\"lazy\" title=\"GIRASOLES II\" width=\"1200\" height=\"675\" src=\"https:\/\/www.youtube.com\/embed\/VpO-_hzpkHE?feature=oembed\" frameborder=\"0\" allow=\"accelerometer; autoplay; clipboard-write; encrypted-media; gyroscope; picture-in-picture; web-share\" allowfullscreen><\/iframe><\/div>\n<\/div><\/figure>\n\n\n\n<p><\/p>\n\n\n\n<p><em><strong>Un hogar perfecto con amplias \u00e1reas para disfrutar, dentro y fuera de casa<\/strong><\/em><\/p>\n\n\n\n<p><\/p>\n\n\n\n<p class=\"o-typing-delay-1s\"><o-anim-typing>Distribuci\u00f3n de cada casa:<\/o-anim-typing><\/p>\n\n\n\n<p><a href=\"https:\/\/hogarparatodos.com.ec\/?page_id=533\" title=\"Casa 1\"><strong><mark style=\"background-color:rgba(0, 0, 0, 0)\" class=\"has-inline-color has-neve-link-color-color\">Casa 1<\/mark><\/strong><\/a><\/p>\n\n\n\n<figure class=\"wp-block-gallery has-nested-images columns-default is-cropped wp-block-gallery-2 is-layout-flex wp-block-gallery-is-layout-flex\">\n<figure class=\"wp-block-image size-large\"><a href=\"https:\/\/hogarparatodos.com.ec\/?page_id=533\"><img loading=\"lazy\" decoding=\"async\" width=\"956\" height=\"832\" src=\"https:\/\/hogarparatodos.com.ec\/wp-content\/uploads\/2024\/01\/casa1-girasoles-2_2.png\" alt=\"\" class=\"wp-image-570\" srcset=\"https:\/\/hogarparatodos.com.ec\/wp-content\/uploads\/2024\/01\/casa1-girasoles-2_2.png 956w, https:\/\/hogarparatodos.com.ec\/wp-content\/uploads\/2024\/01\/casa1-girasoles-2_2-300x261.png 300w, https:\/\/hogarparatodos.com.ec\/wp-content\/uploads\/2024\/01\/casa1-girasoles-2_2-768x668.png 768w\" sizes=\"(max-width: 956px) 100vw, 956px\" \/><\/a><\/figure>\n<\/figure>\n\n\n\n<p><\/p>\n\n\n\n<p><a href=\"https:\/\/hogarparatodos.com.ec\/?page_id=561\" title=\"Casa 2\"><strong>Casa 2<\/strong><\/a><\/p>\n\n\n\n<figure class=\"wp-block-gallery has-nested-images columns-default is-cropped wp-block-gallery-3 is-layout-flex wp-block-gallery-is-layout-flex\">\n<figure class=\"wp-block-image size-large\"><a class=\"https:\/\/hogarparatodos.com.ec\/?page_id=533\" href=\"https:\/\/hogarparatodos.com.ec\/?page_id=561\" rel=\"https:\/\/hogarparatodos.com.ec\/?page_id=533\"><img loading=\"lazy\" decoding=\"async\" width=\"1006\" height=\"946\" src=\"https:\/\/hogarparatodos.com.ec\/wp-content\/uploads\/2024\/01\/Girasoles-II_casa2_fachada.png\" alt=\"\" class=\"wp-image-571\" srcset=\"https:\/\/hogarparatodos.com.ec\/wp-content\/uploads\/2024\/01\/Girasoles-II_casa2_fachada.png 1006w, https:\/\/hogarparatodos.com.ec\/wp-content\/uploads\/2024\/01\/Girasoles-II_casa2_fachada-300x282.png 300w, https:\/\/hogarparatodos.com.ec\/wp-content\/uploads\/2024\/01\/Girasoles-II_casa2_fachada-768x722.png 768w\" sizes=\"(max-width: 1006px) 100vw, 1006px\" \/><\/a><\/figure>\n<\/figure>\n\n\n\n<p><\/p>\n\n\n\n<h3 class=\"wp-block-heading\"><\/h3>\n\n\n\n<p><\/p>\n<\/div>\n<\/div><\/div>\n\n\n\n<section id=\"wp-block-themeisle-blocks-advanced-columns-e600557e\" class=\"wp-block-themeisle-blocks-advanced-columns alignfull has-1-columns has-desktop-equal-layout has-tablet-equal-layout has-mobile-equal-layout has-vertical-flex-start has-light-bg\"><div class=\"wp-block-themeisle-blocks-advanced-columns-overlay\"><\/div><div class=\"innerblocks-wrap\">\n<div id=\"wp-block-themeisle-blocks-advanced-column-8400a7b8\" class=\"wp-block-themeisle-blocks-advanced-column\">\n<section id=\"wp-block-themeisle-blocks-advanced-columns-5ab63bd5\" class=\"wp-block-themeisle-blocks-advanced-columns has-1-columns has-desktop-equal-layout has-tablet-equal-layout has-mobile-equal-layout has-vertical-flex-start\"><div class=\"wp-block-themeisle-blocks-advanced-columns-overlay\"><\/div><div class=\"innerblocks-wrap\">\n<div id=\"wp-block-themeisle-blocks-advanced-column-ecb49f6a\" class=\"wp-block-themeisle-blocks-advanced-column\">\n<h6 id=\"wp-block-themeisle-blocks-advanced-heading-9d29e9e7\" class=\"wp-block-themeisle-blocks-advanced-heading wp-block-themeisle-blocks-advanced-heading-9d29e9e7\">UBICACI\u00d3N del proyecto<\/h6>\n\n\n\n<h2 id=\"wp-block-themeisle-blocks-advanced-heading-27ac6163\" class=\"wp-block-themeisle-blocks-advanced-heading wp-block-themeisle-blocks-advanced-heading-27ac6163\">Entorno del proyecto<\/h2>\n<\/div>\n<\/div><\/section>\n\n\n\n<section id=\"wp-block-themeisle-blocks-advanced-columns-588468fa\" class=\"wp-block-themeisle-blocks-advanced-columns has-3-columns has-desktop-equal-layout has-tablet-equal-layout has-mobile-collapsedRows-layout has-vertical-flex-start\"><div class=\"wp-block-themeisle-blocks-advanced-columns-overlay\"><\/div><div class=\"innerblocks-wrap\">\n<div id=\"wp-block-themeisle-blocks-advanced-column-86e1d44f\" class=\"wp-block-themeisle-blocks-advanced-column\">\n<div id=\"wp-block-themeisle-blocks-font-awesome-icons-b0b5d0b1\" class=\"wp-block-themeisle-blocks-font-awesome-icons\"><span class=\"wp-block-themeisle-blocks-font-awesome-icons-container\"><i class=\"fas fa-swatchbook\"><\/i><\/span><\/div>\n\n\n\n<h3 class=\"wp-block-heading has-text-align-center\">Seguridad<\/h3>\n\n\n\n<p class=\"has-text-align-center\">Doble plus:<\/p>\n\n\n\n<p class=\"has-text-align-center\">1.  Proyecto con estructura de punta sismo resistente<\/p>\n\n\n\n<p class=\"has-text-align-center\">2. Ubicaci\u00f3n en una de las zonas exclusivas \u00a8zona segura\u00a8 valle de los chillos<\/p>\n<\/div>\n\n\n\n<div id=\"wp-block-themeisle-blocks-advanced-column-7b3e651b\" class=\"wp-block-themeisle-blocks-advanced-column\">\n<div id=\"wp-block-themeisle-blocks-font-awesome-icons-b9cf1988\" class=\"wp-block-themeisle-blocks-font-awesome-icons\"><span class=\"wp-block-themeisle-blocks-font-awesome-icons-container\"><i class=\"fas fa-clipboard-check\"><\/i><\/span><\/div>\n\n\n\n<h3 class=\"wp-block-heading has-text-align-center\">Facilidades<\/h3>\n\n\n\n<p class=\"has-text-align-center\">Urbanizaci\u00f3n con amenidades para toda la familia (canchas, senderos, juegos) y acceso cercano a zonas de comercio y centros de estudio.<\/p>\n<\/div>\n\n\n\n<div id=\"wp-block-themeisle-blocks-advanced-column-c2f9c099\" class=\"wp-block-themeisle-blocks-advanced-column\">\n<div id=\"wp-block-themeisle-blocks-font-awesome-icons-fd1bf05c\" class=\"wp-block-themeisle-blocks-font-awesome-icons\"><span class=\"wp-block-themeisle-blocks-font-awesome-icons-container\"><i class=\"fas fa-truck-loading\"><\/i><\/span><\/div>\n\n\n\n<h3 class=\"wp-block-heading has-text-align-center\">Sitios de interes<\/h3>\n\n\n\n<p class=\"has-text-align-center\">Una mezcla de centros comerciales cercanos con atractivos naturales como cascadas y espacios de esparcimiento. <\/p>\n<\/div>\n<\/div><\/section>\n<\/div>\n<\/div><\/section>\n\n\n\n<section id=\"wp-block-themeisle-blocks-advanced-columns-dab9e0bf\" class=\"wp-block-themeisle-blocks-advanced-columns alignfull has-1-columns has-desktop-equal-layout has-tablet-equal-layout has-mobile-equal-layout has-vertical-flex-start has-dark-bg\"><div class=\"wp-block-themeisle-blocks-advanced-columns-overlay\"><\/div><div class=\"innerblocks-wrap\">\n<div id=\"wp-block-themeisle-blocks-advanced-column-9df22226\" class=\"wp-block-themeisle-blocks-advanced-column\">\n<section id=\"wp-block-themeisle-blocks-advanced-columns-25c95699\" class=\"wp-block-themeisle-blocks-advanced-columns has-1-columns has-desktop-equal-layout has-tablet-equal-layout has-mobile-equal-layout has-vertical-flex-start\"><div class=\"wp-block-themeisle-blocks-advanced-columns-overlay\"><\/div><div class=\"innerblocks-wrap\">\n<div id=\"wp-block-themeisle-blocks-advanced-column-d4d9a4f8\" class=\"wp-block-themeisle-blocks-advanced-column\">\n<h6 id=\"wp-block-themeisle-blocks-advanced-heading-b707a917\" class=\"wp-block-themeisle-blocks-advanced-heading wp-block-themeisle-blocks-advanced-heading-b707a917\"> La etapa constructiva<\/h6>\n\n\n\n<h2 id=\"wp-block-themeisle-blocks-advanced-heading-89d7d76a\" class=\"wp-block-themeisle-blocks-advanced-heading wp-block-themeisle-blocks-advanced-heading-89d7d76a\"> Galeria del proyecto<\/h2>\n<\/div>\n<\/div><\/section>\n\n\n\n<section id=\"wp-block-themeisle-blocks-advanced-columns-8e7cc7ae\" class=\"wp-block-themeisle-blocks-advanced-columns has-3-columns has-desktop-equal-layout has-tablet-equal-layout has-mobile-collapsedRows-layout has-vertical-flex-start\"><div class=\"wp-block-themeisle-blocks-advanced-columns-overlay\"><\/div><div class=\"innerblocks-wrap\">\n<div id=\"wp-block-themeisle-blocks-advanced-column-725f10a7\" class=\"wp-block-themeisle-blocks-advanced-column\">\n<figure class=\"wp-block-gallery has-nested-images columns-default is-cropped wp-block-gallery-4 is-layout-flex wp-block-gallery-is-layout-flex\">\n<figure class=\"wp-block-image size-full animated fadeInUp slow\"><img loading=\"lazy\" decoding=\"async\" width=\"1600\" height=\"1200\" src=\"https:\/\/hogarparatodos.com.ec\/wp-content\/uploads\/2024\/02\/FACHADA-1.png\" alt=\"\" class=\"wp-image-624\" srcset=\"https:\/\/hogarparatodos.com.ec\/wp-content\/uploads\/2024\/02\/FACHADA-1.png 1600w, https:\/\/hogarparatodos.com.ec\/wp-content\/uploads\/2024\/02\/FACHADA-1-300x225.png 300w, https:\/\/hogarparatodos.com.ec\/wp-content\/uploads\/2024\/02\/FACHADA-1-1024x768.png 1024w, https:\/\/hogarparatodos.com.ec\/wp-content\/uploads\/2024\/02\/FACHADA-1-768x576.png 768w, https:\/\/hogarparatodos.com.ec\/wp-content\/uploads\/2024\/02\/FACHADA-1-1536x1152.png 1536w, https:\/\/hogarparatodos.com.ec\/wp-content\/uploads\/2024\/02\/FACHADA-1-1320x990.png 1320w\" sizes=\"(max-width: 1600px) 100vw, 1600px\" \/><\/figure>\n<\/figure>\n<\/div>\n\n\n\n<div id=\"wp-block-themeisle-blocks-advanced-column-3c67f726\" class=\"wp-block-themeisle-blocks-advanced-column\">\n<figure class=\"wp-block-image size-large is-resized animated fadeInUp delay-200ms slow\"><img loading=\"lazy\" decoding=\"async\" width=\"1024\" height=\"835\" src=\"https:\/\/hogarparatodos.com.ec\/wp-content\/uploads\/2024\/02\/FACHADA1-1024x835.png\" alt=\"\" class=\"wp-image-635\" style=\"width:267px;height:auto\" srcset=\"https:\/\/hogarparatodos.com.ec\/wp-content\/uploads\/2024\/02\/FACHADA1-1024x835.png 1024w, https:\/\/hogarparatodos.com.ec\/wp-content\/uploads\/2024\/02\/FACHADA1-300x245.png 300w, https:\/\/hogarparatodos.com.ec\/wp-content\/uploads\/2024\/02\/FACHADA1-768x626.png 768w, https:\/\/hogarparatodos.com.ec\/wp-content\/uploads\/2024\/02\/FACHADA1-1320x1076.png 1320w, https:\/\/hogarparatodos.com.ec\/wp-content\/uploads\/2024\/02\/FACHADA1.png 1492w\" sizes=\"(max-width: 1024px) 100vw, 1024px\" \/><\/figure>\n<\/div>\n\n\n\n<div id=\"wp-block-themeisle-blocks-advanced-column-4956dbc0\" class=\"wp-block-themeisle-blocks-advanced-column\">\n<figure class=\"wp-block-image size-large is-resized animated fadeInUp delay-500ms slow\"><img loading=\"lazy\" decoding=\"async\" width=\"1024\" height=\"461\" src=\"https:\/\/hogarparatodos.com.ec\/wp-content\/uploads\/2024\/02\/WhatsApp-Image-2024-02-15-at-10.17.49-PM-1024x461.jpeg\" alt=\"\" class=\"wp-image-633\" style=\"width:484px;height:auto\" srcset=\"https:\/\/hogarparatodos.com.ec\/wp-content\/uploads\/2024\/02\/WhatsApp-Image-2024-02-15-at-10.17.49-PM-1024x461.jpeg 1024w, https:\/\/hogarparatodos.com.ec\/wp-content\/uploads\/2024\/02\/WhatsApp-Image-2024-02-15-at-10.17.49-PM-300x135.jpeg 300w, https:\/\/hogarparatodos.com.ec\/wp-content\/uploads\/2024\/02\/WhatsApp-Image-2024-02-15-at-10.17.49-PM-768x346.jpeg 768w, https:\/\/hogarparatodos.com.ec\/wp-content\/uploads\/2024\/02\/WhatsApp-Image-2024-02-15-at-10.17.49-PM-1536x692.jpeg 1536w, https:\/\/hogarparatodos.com.ec\/wp-content\/uploads\/2024\/02\/WhatsApp-Image-2024-02-15-at-10.17.49-PM-1320x595.jpeg 1320w, https:\/\/hogarparatodos.com.ec\/wp-content\/uploads\/2024\/02\/WhatsApp-Image-2024-02-15-at-10.17.49-PM.jpeg 1600w\" sizes=\"(max-width: 1024px) 100vw, 1024px\" \/><\/figure>\n<\/div>\n<\/div><\/section>\n<\/div>\n<\/div><\/section>\n\n\n\n<div id=\"wp-block-themeisle-blocks-advanced-columns-9db09ff6\" class=\"wp-block-themeisle-blocks-advanced-columns alignfull has-2-columns has-desktop-equal-layout has-tablet-equal-layout has-mobile-collapsedRows-layout has-vertical-unset has-vertical-undefined\"><div class=\"wp-block-themeisle-blocks-advanced-columns-overlay\"><\/div><div class=\"innerblocks-wrap\">\n<div id=\"wp-block-themeisle-blocks-advanced-column-0d315943\" class=\"wp-block-themeisle-blocks-advanced-column\">\n<h3 class=\"wp-block-heading\">  con experiencia<\/h3>\n\n\n\n<p>Desde dise\u00f1o a su gusto, construcci\u00f3n, direcci\u00f3n hasta renovaciones completas, ponemos a su disposici\u00f3n nuestro equipo que ha ganado experiencia en varios tipos de construcci\u00f3n, con diferente geograf\u00eda del terreno y distintas t\u00e9cnicas constructivas.<\/p>\n\n\n\n<hr class=\"wp-block-separator has-text-color has-css-opacity has-background is-style-wide\" style=\"background-color:#f0f0f0;color:#f0f0f0\"\/>\n\n\n\n<h3 class=\"wp-block-heading\">apasionados<\/h3>\n\n\n\n<p>En cada proyecto en el que nos hemos encaminado damos y miramos mucho m\u00e1s all\u00e1 de las expectativas de nuestros clientes, trabajamos con entusiasmo, como si las construcciones las hici\u00e9ramos para nosotros mismos.<\/p>\n\n\n\n<hr class=\"wp-block-separator has-text-color has-css-opacity has-background is-style-wide\" style=\"background-color:#f0f0f0;color:#f0f0f0\"\/>\n\n\n\n<h3 class=\"wp-block-heading\"> EFICIENTE<\/h3>\n\n\n\n<p>Con una planificaci\u00f3n adecuada aprovechamos y optimizamos los recursos para lograr el objetivo ..<\/p>\n<\/div>\n\n\n\n<div id=\"wp-block-themeisle-blocks-advanced-column-8cf044c3\" class=\"wp-block-themeisle-blocks-advanced-column has-dark-bg\">\n<h5 id=\"wp-block-themeisle-blocks-advanced-heading-1a545c00\" class=\"wp-block-themeisle-blocks-advanced-heading wp-block-themeisle-blocks-advanced-heading-1a545c00\"> <\/h5>\n\n\n\n<p><\/p>\n\n\n\n<p>Somos un grupo peque\u00f1o de emprendedores con ganas de cambiar el mercado de los bienes ra\u00edces, poner a las personas primero antes que los negocios, por eso construimos soluciones inmobiliarias pensando en lo que nosotros desear\u00edamos al formar nuestro hogar.<\/p>\n<\/div>\n<\/div><\/div>\n\n\n\n<div id=\"wp-block-themeisle-blocks-advanced-columns-d2ac1ee8\" class=\"wp-block-themeisle-blocks-advanced-columns alignfull has-1-columns has-desktop-equal-layout has-tablet-equal-layout has-mobile-equal-layout has-vertical-center\"><div class=\"wp-block-themeisle-blocks-advanced-columns-overlay\"><\/div><div class=\"innerblocks-wrap\">\n<div id=\"wp-block-themeisle-blocks-advanced-column-924a4045\" class=\"wp-block-themeisle-blocks-advanced-column\">\n<h6 id=\"wp-block-themeisle-blocks-advanced-heading-81f496a9\" class=\"wp-block-themeisle-blocks-advanced-heading wp-block-themeisle-blocks-advanced-heading-81f496a9\"> <strong>Esta listo para vivir una vida sin igual?<\/strong><\/h6>\n\n\n\n<h2 class=\"wp-block-heading has-text-align-center has-nv-text-dark-bg-color has-text-color\">Dejenos asesorarle y visitenos en obra!<\/h2>\n\n\n\n<div style=\"height:20px\" aria-hidden=\"true\" class=\"wp-block-spacer\"><\/div>\n\n\n\n<div class=\"wp-block-buttons is-horizontal is-content-justification-center is-layout-flex wp-container-core-buttons-layout-1 wp-block-buttons-is-layout-flex\">\n<div class=\"wp-block-button is-style-primary\"><a class=\"wp-block-button__link wp-element-button\">CONTACTENOS AHORA!<\/a><\/div>\n<\/div>\n<\/div>\n<\/div><\/div>\n","protected":false},"excerpt":{"rendered":"","protected":false},"author":1,"featured_media":0,"parent":0,"menu_order":0,"comment_status":"closed","ping_status":"closed","template":"page-templates\/template-pagebuilder-full-width.php","meta":{"om_disable_all_campaigns":false,"neve_meta_sidebar":"full-width","neve_meta_container":"","neve_meta_enable_content_width":"on","neve_meta_content_width":100,"neve_meta_title_alignment":"","neve_meta_author_avatar":"","neve_post_elements_order":"","neve_meta_disable_header":"","neve_meta_disable_footer":"","neve_meta_disable_title":"","_themeisle_gutenberg_block_has_review":false,"_ti_tpc_template_sync":false,"_ti_tpc_template_id":"ybndyh5pdhh36si3f8ed","footnotes":""},"aioseo_notices":[],"jetpack_sharing_enabled":true,"_links":{"self":[{"href":"https:\/\/hogarparatodos.com.ec\/index.php?rest_route=\/wp\/v2\/pages\/210"}],"collection":[{"href":"https:\/\/hogarparatodos.com.ec\/index.php?rest_route=\/wp\/v2\/pages"}],"about":[{"href":"https:\/\/hogarparatodos.com.ec\/index.php?rest_route=\/wp\/v2\/types\/page"}],"author":[{"embeddable":true,"href":"https:\/\/hogarparatodos.com.ec\/index.php?rest_route=\/wp\/v2\/users\/1"}],"replies":[{"embeddable":true,"href":"https:\/\/hogarparatodos.com.ec\/index.php?rest_route=%2Fwp%2Fv2%2Fcomments&post=210"}],"version-history":[{"count":38,"href":"https:\/\/hogarparatodos.com.ec\/index.php?rest_route=\/wp\/v2\/pages\/210\/revisions"}],"predecessor-version":[{"id":648,"href":"https:\/\/hogarparatodos.com.ec\/index.php?rest_route=\/wp\/v2\/pages\/210\/revisions\/648"}],"wp:attachment":[{"href":"https:\/\/hogarparatodos.com.ec\/index.php?rest_route=%2Fwp%2Fv2%2Fmedia&parent=210"}],"curies":[{"name":"wp","href":"https:\/\/api.w.org\/{rel}","templated":true}]}}