{"id":201,"date":"2020-02-03T08:26:41","date_gmt":"2020-02-03T08:26:41","guid":{"rendered":"https:\/\/demosites.io\/architecture-gb\/?page_id=201"},"modified":"2024-01-11T21:09:58","modified_gmt":"2024-01-12T02:09:58","slug":"nuestros-proyectos","status":"publish","type":"page","link":"https:\/\/hogarparatodos.com.ec\/?page_id=201","title":{"rendered":"Nuestros Proyectos"},"content":{"rendered":"\n<div id=\"wp-block-themeisle-blocks-advanced-columns-71126027\" class=\"wp-block-themeisle-blocks-advanced-columns alignfull has-1-columns has-desktop-equal-layout has-tablet-equal-layout has-mobile-equal-layout has-vertical-center\"><div class=\"wp-block-themeisle-blocks-advanced-columns-overlay\"><\/div><div class=\"innerblocks-wrap\">\n<div id=\"wp-block-themeisle-blocks-advanced-column-3173e8ac\" class=\"wp-block-themeisle-blocks-advanced-column\">\n<h1 class=\"wp-block-heading has-text-align-center has-nv-text-dark-bg-color has-text-color\">NUESTROS PROYECTOS <\/h1>\n<\/div>\n<\/div><\/div>\n\n\n\n<div id=\"wp-block-themeisle-blocks-advanced-columns-966e2247\" class=\"wp-block-themeisle-blocks-advanced-columns alignfull has-1-columns has-desktop-equal-layout has-tablet-equal-layout has-mobile-equal-layout has-vertical-unset\"><div class=\"wp-block-themeisle-blocks-advanced-columns-overlay\"><\/div><div class=\"innerblocks-wrap\">\n<div id=\"wp-block-themeisle-blocks-advanced-column-d92441b4\" class=\"wp-block-themeisle-blocks-advanced-column\">\n<h6 id=\"wp-block-themeisle-blocks-advanced-heading-2c0253af\" class=\"wp-block-themeisle-blocks-advanced-heading wp-block-themeisle-blocks-advanced-heading-2c0253af\">Sobre nosotros<\/h6>\n\n\n\n<h4 class=\"wp-block-heading has-text-align-center has-neve-text-color-color has-text-color\">porque hacemos las cosas diferentes<\/h4>\n\n\n\n<p class=\"has-text-align-center\">Somos un grupo peque\u00f1o de emprendedores con ganas de cambiar el mercado de los bienes ra\u00edces, poner a las personas primero antes que los negocios, por eso construimos soluciones inmobiliarias pensando en lo que nosotros desear\u00edamos al formar nuestro hogar.<\/p>\n\n\n\n<p class=\"has-text-align-center\">Porque no solo es una \u00a8casa\u00a8, un espacio f\u00edsico, pensamos en un hogar para la familia.<\/p>\n\n\n\n<p><\/p>\n\n\n\n<h2 class=\"wp-block-heading\">GIRASOLES  I  <\/h2>\n\n\n\n<h4 class=\"wp-block-heading\">proyecto propio finalizado y entregado<\/h4>\n\n\n\n<p><\/p>\n\n\n\n<p>Nuestro primer proyecto Girasoles I, constituido por 3 casas de 140 &#8211; 168 m2 de construcci\u00f3n fue finalizado y entregado en el 2023 con la \u00faltima casa, 3 familias encantadas con la amplitud de las casas, confortabilidad, acabados y prestaciones internas en el proyecto como de la urbanizaci\u00f3n.<\/p>\n\n\n\n<p>Estamos orgullosos de mostrar todo el proceso de construcci\u00f3n, con los mejores materiales del mercado y seg\u00fan todas las especificaciones t\u00e9cnicas de seguridad requeridas, concluimos este proyecto:<\/p>\n\n\n\n<figure class=\"wp-block-gallery has-nested-images columns-default is-cropped wp-block-gallery-1 is-layout-flex wp-block-gallery-is-layout-flex\">\n<figure class=\"wp-block-image size-large\"><img loading=\"lazy\" decoding=\"async\" width=\"909\" height=\"641\" src=\"https:\/\/hogarparatodos.com.ec\/wp-content\/uploads\/2024\/01\/cimientos-1.png\" alt=\"\" class=\"wp-image-579\" srcset=\"https:\/\/hogarparatodos.com.ec\/wp-content\/uploads\/2024\/01\/cimientos-1.png 909w, https:\/\/hogarparatodos.com.ec\/wp-content\/uploads\/2024\/01\/cimientos-1-300x212.png 300w, https:\/\/hogarparatodos.com.ec\/wp-content\/uploads\/2024\/01\/cimientos-1-768x542.png 768w\" sizes=\"(max-width: 909px) 100vw, 909px\" \/><\/figure>\n<\/figure>\n\n\n\n<p><\/p>\n\n\n\n<figure class=\"wp-block-image size-large\"><img loading=\"lazy\" decoding=\"async\" width=\"910\" height=\"642\" src=\"https:\/\/hogarparatodos.com.ec\/wp-content\/uploads\/2024\/01\/cimientos-2-1.png\" alt=\"\" class=\"wp-image-582\" srcset=\"https:\/\/hogarparatodos.com.ec\/wp-content\/uploads\/2024\/01\/cimientos-2-1.png 910w, https:\/\/hogarparatodos.com.ec\/wp-content\/uploads\/2024\/01\/cimientos-2-1-300x212.png 300w, https:\/\/hogarparatodos.com.ec\/wp-content\/uploads\/2024\/01\/cimientos-2-1-768x542.png 768w\" sizes=\"(max-width: 910px) 100vw, 910px\" \/><\/figure>\n\n\n\n<p><\/p>\n\n\n\n<figure class=\"wp-block-gallery has-nested-images columns-default is-cropped wp-block-gallery-2 is-layout-flex wp-block-gallery-is-layout-flex\">\n<figure class=\"wp-block-image size-large\"><img loading=\"lazy\" decoding=\"async\" width=\"909\" height=\"623\" src=\"https:\/\/hogarparatodos.com.ec\/wp-content\/uploads\/2024\/01\/cimientos-3-1.png\" alt=\"\" class=\"wp-image-583\" srcset=\"https:\/\/hogarparatodos.com.ec\/wp-content\/uploads\/2024\/01\/cimientos-3-1.png 909w, https:\/\/hogarparatodos.com.ec\/wp-content\/uploads\/2024\/01\/cimientos-3-1-300x206.png 300w, https:\/\/hogarparatodos.com.ec\/wp-content\/uploads\/2024\/01\/cimientos-3-1-768x526.png 768w\" sizes=\"(max-width: 909px) 100vw, 909px\" \/><\/figure>\n<\/figure>\n\n\n\n<p> <\/p>\n\n\n\n<p>Teniendo nuestro proyecto Girasoles I terminado:<\/p>\n\n\n\n<figure class=\"wp-block-video\"><video controls src=\"https:\/\/hogarparatodos.com.ec\/wp-content\/uploads\/2024\/01\/spot-para-publicidad.mp4\"><\/video><\/figure>\n\n\n\n<p><\/p>\n\n\n\n<h2 class=\"wp-block-heading\">casa armas  <\/h2>\n\n\n\n<h5 class=\"wp-block-heading\">proyecto privado residencial unifamiliar finalizado y entregado<\/h5>\n\n\n\n<p><\/p>\n\n\n\n<p>Obra iniciada desde cero, con el terreno adquirido por parte del cliente, se realizaron los planos de acuerdo a sus necesidades y se concluyo con un cliente satisfecho:<\/p>\n\n\n\n<p><\/p>\n<\/div>\n<\/div><\/div>\n\n\n\n<div id=\"wp-block-themeisle-blocks-advanced-columns-1433de26\" class=\"wp-block-themeisle-blocks-advanced-columns alignfull has-3-columns has-desktop-equal-layout has-tablet-equal-layout has-mobile-collapsedRows-layout has-vertical-unset ticss-55a3c79e has-light-bg\"><div class=\"wp-block-themeisle-blocks-advanced-columns-overlay\"><\/div><div class=\"innerblocks-wrap\">\n<div id=\"wp-block-themeisle-blocks-advanced-column-4359538b\" class=\"wp-block-themeisle-blocks-advanced-column has-dark-bg\">\n<div id=\"wp-block-themeisle-blocks-font-awesome-icons-8230ef41\" class=\"wp-block-themeisle-blocks-font-awesome-icons\"><span class=\"wp-block-themeisle-blocks-font-awesome-icons-container\"><i class=\"fas fa-pencil-ruler\"><\/i><\/span><\/div>\n\n\n\n<h3 id=\"wp-block-themeisle-blocks-advanced-heading-8bb30f24\" class=\"wp-block-themeisle-blocks-advanced-heading wp-block-themeisle-blocks-advanced-heading-8bb30f24\"> INSPIRaci\u00f3n <\/h3>\n\n\n\n<p class=\"has-text-align-center has-white-color has-text-color\">Inspirados en los retos<\/p>\n<\/div>\n\n\n\n<div id=\"wp-block-themeisle-blocks-advanced-column-73fce0c3\" class=\"wp-block-themeisle-blocks-advanced-column has-dark-bg\">\n<div id=\"wp-block-themeisle-blocks-font-awesome-icons-445e02f6\" class=\"wp-block-themeisle-blocks-font-awesome-icons\"><span class=\"wp-block-themeisle-blocks-font-awesome-icons-container\"><i class=\"far fa-lightbulb\"><\/i><\/span><\/div>\n\n\n\n<h3 id=\"wp-block-themeisle-blocks-advanced-heading-ce9715b1\" class=\"wp-block-themeisle-blocks-advanced-heading wp-block-themeisle-blocks-advanced-heading-ce9715b1\">   CREATIVidad<\/h3>\n\n\n\n<p class=\"has-text-align-center has-white-color has-text-color\">Somos creativos y adaptables a cualquier condici\u00f3n<\/p>\n<\/div>\n\n\n\n<div id=\"wp-block-themeisle-blocks-advanced-column-6a7350f5\" class=\"wp-block-themeisle-blocks-advanced-column has-dark-bg\">\n<div id=\"wp-block-themeisle-blocks-font-awesome-icons-620cd507\" class=\"wp-block-themeisle-blocks-font-awesome-icons\"><span class=\"wp-block-themeisle-blocks-font-awesome-icons-container\"><i class=\"far fa-compass\"><\/i><\/span><\/div>\n\n\n\n<h3 id=\"wp-block-themeisle-blocks-advanced-heading-143a1059\" class=\"wp-block-themeisle-blocks-advanced-heading wp-block-themeisle-blocks-advanced-heading-143a1059\">ingeniosos<\/h3>\n\n\n\n<p class=\"has-text-align-center has-white-color has-text-color\">Con experiencia y llenos de recursos para solventar cualquier problema<\/p>\n<\/div>\n<\/div><\/div>\n\n\n\n<div id=\"wp-block-themeisle-blocks-advanced-columns-be0d6fa2\" class=\"wp-block-themeisle-blocks-advanced-columns alignfull has-2-columns has-desktop-equal-layout has-tablet-equal-layout has-mobile-collapsedRows-layout has-vertical-unset has-dark-bg\"><div class=\"wp-block-themeisle-blocks-advanced-columns-overlay\"><\/div><div class=\"innerblocks-wrap\">\n<div id=\"wp-block-themeisle-blocks-advanced-column-e82d3816\" class=\"wp-block-themeisle-blocks-advanced-column\">\n<h6 id=\"wp-block-themeisle-blocks-advanced-heading-d390e60d\" class=\"wp-block-themeisle-blocks-advanced-heading wp-block-themeisle-blocks-advanced-heading-d390e60d\">PLANIFICACI\u00d3N<\/h6>\n\n\n\n<h2 class=\"wp-block-heading has-nv-text-dark-bg-color has-text-color\">pROYECTOS<\/h2>\n\n\n\n<p class=\"has-text-align-justify has-nv-text-dark-bg-color has-text-color\">Como ingenieros, realizamos la planificaci\u00f3n de proyectos y casas residenciales independientes desde cero, hacemos el an\u00e1lisis en cuanto al dise\u00f1o a gusto del due\u00f1o y lo modificamos las veces necesarias as\u00ed como el ajuste del presupuesto de acuerdo a sus requerimientos, tambi\u00e9n asesoramos en el momento de comprar un terreno, expresando los lineamientos para el ahorro cuando ya vaya a construir su vivienda. <\/p>\n\n\n\n<div style=\"height:20px\" aria-hidden=\"true\" class=\"wp-block-spacer\"><\/div>\n\n\n\n<div class=\"wp-block-buttons is-layout-flex wp-block-buttons-is-layout-flex\">\n<div class=\"wp-block-button is-style-secondary\"><a class=\"wp-block-button__link wp-element-button\" href=\"https:\/\/hogarparatodos.com.ec\/?page_id=591\">Revisa nuestros servicios<\/a><\/div>\n<\/div>\n<\/div>\n\n\n\n<div id=\"wp-block-themeisle-blocks-advanced-column-3e19d1cf\" class=\"wp-block-themeisle-blocks-advanced-column\">\n<figure class=\"wp-block-image size-large animated fadeInUp slow\"><img loading=\"lazy\" decoding=\"async\" width=\"600\" height=\"600\" src=\"http:\/\/hogarparatodos.com.ec\/wp-content\/uploads\/2019\/07\/neve-architect-demo-09.jpg\" alt=\"\" class=\"wp-image-140\" srcset=\"https:\/\/hogarparatodos.com.ec\/wp-content\/uploads\/2019\/07\/neve-architect-demo-09.jpg 600w, https:\/\/hogarparatodos.com.ec\/wp-content\/uploads\/2019\/07\/neve-architect-demo-09-300x300.jpg 300w, https:\/\/hogarparatodos.com.ec\/wp-content\/uploads\/2019\/07\/neve-architect-demo-09-100x100.jpg 100w, https:\/\/hogarparatodos.com.ec\/wp-content\/uploads\/2019\/07\/neve-architect-demo-09-150x150.jpg 150w\" sizes=\"(max-width: 600px) 100vw, 600px\" \/><\/figure>\n<\/div>\n<\/div><\/div>\n\n\n\n<div id=\"wp-block-themeisle-blocks-advanced-columns-82a4c394\" class=\"wp-block-themeisle-blocks-advanced-columns alignfull has-2-columns has-desktop-equal-layout has-tablet-equal-layout has-mobile-collapsedRows-layout has-vertical-unset ticss-ce69d1c2 has-light-bg\"><div class=\"wp-block-themeisle-blocks-advanced-columns-overlay\"><\/div><div class=\"innerblocks-wrap\">\n<div id=\"wp-block-themeisle-blocks-advanced-column-b9082770\" class=\"wp-block-themeisle-blocks-advanced-column\">\n<figure class=\"wp-block-image size-large animated fadeInUp slow\"><img loading=\"lazy\" decoding=\"async\" width=\"600\" height=\"600\" src=\"http:\/\/hogarparatodos.com.ec\/wp-content\/uploads\/2019\/07\/neve-architect-demo-12.jpg\" alt=\"\" class=\"wp-image-143\" srcset=\"https:\/\/hogarparatodos.com.ec\/wp-content\/uploads\/2019\/07\/neve-architect-demo-12.jpg 600w, https:\/\/hogarparatodos.com.ec\/wp-content\/uploads\/2019\/07\/neve-architect-demo-12-300x300.jpg 300w, https:\/\/hogarparatodos.com.ec\/wp-content\/uploads\/2019\/07\/neve-architect-demo-12-100x100.jpg 100w, https:\/\/hogarparatodos.com.ec\/wp-content\/uploads\/2019\/07\/neve-architect-demo-12-150x150.jpg 150w\" sizes=\"(max-width: 600px) 100vw, 600px\" \/><\/figure>\n<\/div>\n\n\n\n<div id=\"wp-block-themeisle-blocks-advanced-column-63c709a8\" class=\"wp-block-themeisle-blocks-advanced-column\">\n<h6 id=\"wp-block-themeisle-blocks-advanced-heading-6164b435\" class=\"wp-block-themeisle-blocks-advanced-heading wp-block-themeisle-blocks-advanced-heading-6164b435\">die\u00f1o arquitect\u00f3nico y estructural<\/h6>\n\n\n\n<h4 class=\"wp-block-heading has-text-color-color has-text-color\">conjugando la elegancia con la funcionalidad<\/h4>\n\n\n\n<p class=\"has-text-align-justify has-text-color-color has-text-color\">Nos preocupamos para que el dise\u00f1o sea funcional, confortable, amplio y seguro, conjugamos dise\u00f1os modernos arquitect\u00f3nicos con la automatizaci\u00f3n de herramientas emergentes tecnol\u00f3gicas, estamos en capacidad de dise\u00f1ar para tener una casa inteligente con comandos de voz, adem\u00e1s realizamos procesos de aprobaci\u00f3n de planos en el municipio. Junto con el dise\u00f1o arquitect\u00f3nico se entregan planos estructurales, hidro-sanitarios, el\u00e9ctricos y de datos.<\/p>\n\n\n\n<div style=\"height:20px\" aria-hidden=\"true\" class=\"wp-block-spacer\"><\/div>\n\n\n\n<div class=\"wp-block-buttons is-layout-flex wp-block-buttons-is-layout-flex\">\n<div class=\"wp-block-button is-style-secondary\"><a class=\"wp-block-button__link wp-element-button\" href=\"https:\/\/hogarparatodos.com.ec\/?page_id=591\">Revisa nuestros servicios<\/a><\/div>\n<\/div>\n<\/div>\n<\/div><\/div>\n\n\n\n<div id=\"wp-block-themeisle-blocks-advanced-columns-2c9878f4\" class=\"wp-block-themeisle-blocks-advanced-columns alignfull has-2-columns has-desktop-equal-layout has-tablet-equal-layout has-mobile-collapsedRows-layout has-vertical-unset has-dark-bg\"><div class=\"wp-block-themeisle-blocks-advanced-columns-overlay\"><\/div><div class=\"innerblocks-wrap\">\n<div id=\"wp-block-themeisle-blocks-advanced-column-98c28a51\" class=\"wp-block-themeisle-blocks-advanced-column\">\n<h6 id=\"wp-block-themeisle-blocks-advanced-heading-09afc45b\" class=\"wp-block-themeisle-blocks-advanced-heading wp-block-themeisle-blocks-advanced-heading-09afc45b\">construcci\u00f3n<\/h6>\n\n\n\n<h3 class=\"wp-block-heading has-nv-text-dark-bg-color has-text-color\">ejecuci\u00f3n de obra<\/h3>\n\n\n\n<p class=\"has-nv-text-dark-bg-color has-text-color\">Estamos prestos para poner en marcha cualquier tipo de construcci\u00f3n, con nuestro equipo de trabajo o solo con la supervisi\u00f3n de la misma, desde los cimientos hasta la entrega de las llaves de la casa so\u00f1ada. <\/p>\n\n\n\n<div style=\"height:20px\" aria-hidden=\"true\" class=\"wp-block-spacer\"><\/div>\n\n\n\n<div class=\"wp-block-buttons is-layout-flex wp-block-buttons-is-layout-flex\">\n<div class=\"wp-block-button is-style-secondary\"><a class=\"wp-block-button__link wp-element-button\" href=\"https:\/\/hogarparatodos.com.ec\/?page_id=591\">Revisa nuestros servicios<\/a><\/div>\n<\/div>\n<\/div>\n\n\n\n<div id=\"wp-block-themeisle-blocks-advanced-column-d5b28d37\" class=\"wp-block-themeisle-blocks-advanced-column\">\n<figure class=\"wp-block-image size-large animated fadeInUp slow\"><img loading=\"lazy\" decoding=\"async\" width=\"600\" height=\"600\" src=\"http:\/\/hogarparatodos.com.ec\/wp-content\/uploads\/2019\/07\/neve-architect-demo-06.jpg\" alt=\"\" class=\"wp-image-137\" srcset=\"https:\/\/hogarparatodos.com.ec\/wp-content\/uploads\/2019\/07\/neve-architect-demo-06.jpg 600w, https:\/\/hogarparatodos.com.ec\/wp-content\/uploads\/2019\/07\/neve-architect-demo-06-300x300.jpg 300w, https:\/\/hogarparatodos.com.ec\/wp-content\/uploads\/2019\/07\/neve-architect-demo-06-100x100.jpg 100w, https:\/\/hogarparatodos.com.ec\/wp-content\/uploads\/2019\/07\/neve-architect-demo-06-150x150.jpg 150w\" sizes=\"(max-width: 600px) 100vw, 600px\" \/><\/figure>\n<\/div>\n<\/div><\/div>\n\n\n\n<section id=\"wp-block-themeisle-blocks-advanced-columns-dab9e0bf\" class=\"wp-block-themeisle-blocks-advanced-columns alignfull has-1-columns has-desktop-equal-layout has-tablet-equal-layout has-mobile-equal-layout has-vertical-flex-start has-light-bg\"><div class=\"wp-block-themeisle-blocks-advanced-columns-overlay\"><\/div><div class=\"innerblocks-wrap\">\n<div id=\"wp-block-themeisle-blocks-advanced-column-9df22226\" class=\"wp-block-themeisle-blocks-advanced-column\">\n<section id=\"wp-block-themeisle-blocks-advanced-columns-25c95699\" class=\"wp-block-themeisle-blocks-advanced-columns has-1-columns has-desktop-equal-layout has-tablet-equal-layout has-mobile-equal-layout has-vertical-flex-start\"><div class=\"wp-block-themeisle-blocks-advanced-columns-overlay\"><\/div><div class=\"innerblocks-wrap\">\n<div id=\"wp-block-themeisle-blocks-advanced-column-d4d9a4f8\" class=\"wp-block-themeisle-blocks-advanced-column\">\n<h6 id=\"wp-block-themeisle-blocks-advanced-heading-004b261c\" class=\"wp-block-themeisle-blocks-advanced-heading wp-block-themeisle-blocks-advanced-heading-004b261c\"> <strong>SELECTED REVIEWS<\/strong><\/h6>\n\n\n\n<h2 class=\"wp-block-heading has-text-align-center\">KIND WORDS BY CLIENTS<\/h2>\n<\/div>\n<\/div><\/section>\n\n\n\n<section id=\"wp-block-themeisle-blocks-advanced-columns-b56443a0\" class=\"wp-block-themeisle-blocks-advanced-columns has-2-columns has-desktop-equal-layout has-tablet-equal-layout has-mobile-collapsedRows-layout has-vertical-flex-start\"><div class=\"wp-block-themeisle-blocks-advanced-columns-overlay\"><\/div><div class=\"innerblocks-wrap\">\n<div id=\"wp-block-themeisle-blocks-advanced-column-1bb9ffb4\" class=\"wp-block-themeisle-blocks-advanced-column\">\n<p class=\"has-text-align-center\"> I am impressed with the professionalism and exectution of the project by this team. Highly efficient, easy to communicate with and definitely know their craft. Thanks for an incredible result.<br><\/p>\n\n\n<div class=\"wp-block-image is-style-circle-mask\">\n<figure class=\"aligncenter size-large is-resized\"><img loading=\"lazy\" decoding=\"async\" width=\"80\" height=\"80\" src=\"http:\/\/hogarparatodos.com.ec\/wp-content\/uploads\/2019\/07\/neve-architect-demo-03.jpg\" alt=\"\" class=\"wp-image-134\" style=\"width:60px;height:60px\"\/><\/figure><\/div>\n\n\n<div style=\"height:16px\" aria-hidden=\"true\" class=\"wp-block-spacer\"><\/div>\n\n\n\n<h5 id=\"wp-block-themeisle-blocks-advanced-heading-f52184ed\" class=\"wp-block-themeisle-blocks-advanced-heading wp-block-themeisle-blocks-advanced-heading-f52184ed\"> MARK RILEY<\/h5>\n\n\n\n<span id=\"wp-block-themeisle-blocks-advanced-heading-bb16638d\" class=\"wp-block-themeisle-blocks-advanced-heading wp-block-themeisle-blocks-advanced-heading-bb16638d\">Washington<br> <\/span>\n\n\n\n<div id=\"wp-block-themeisle-blocks-icon-list-1c7a16ab\" class=\"wp-block-themeisle-blocks-icon-list is-style-horizontal ticss-b6c7ec6f\">\n<div id=\"wp-block-themeisle-blocks-icon-list-item-ac8afc23\" class=\"wp-block-themeisle-blocks-icon-list-item\"><i class=\"fas fa-star wp-block-themeisle-blocks-icon-list-item-icon-custom\"><\/i><p class=\"wp-block-themeisle-blocks-icon-list-item-content\">List item 5<\/p><\/div>\n\n\n\n<div id=\"wp-block-themeisle-blocks-icon-list-item-cf38893b\" class=\"wp-block-themeisle-blocks-icon-list-item\"><i class=\"fas fa-star wp-block-themeisle-blocks-icon-list-item-icon-custom\"><\/i><p class=\"wp-block-themeisle-blocks-icon-list-item-content\">List item 5<\/p><\/div>\n\n\n\n<div id=\"wp-block-themeisle-blocks-icon-list-item-0d445953\" class=\"wp-block-themeisle-blocks-icon-list-item\"><i class=\"fas fa-star wp-block-themeisle-blocks-icon-list-item-icon-custom\"><\/i><p class=\"wp-block-themeisle-blocks-icon-list-item-content\">List item 5<\/p><\/div>\n\n\n\n<div id=\"wp-block-themeisle-blocks-icon-list-item-db683d04\" class=\"wp-block-themeisle-blocks-icon-list-item\"><i class=\"fas fa-star wp-block-themeisle-blocks-icon-list-item-icon-custom\"><\/i><p class=\"wp-block-themeisle-blocks-icon-list-item-content\">List item 5<\/p><\/div>\n\n\n\n<div id=\"wp-block-themeisle-blocks-icon-list-item-311a880e\" class=\"wp-block-themeisle-blocks-icon-list-item ticss-726c117d\"><i class=\"fas fa-star wp-block-themeisle-blocks-icon-list-item-icon-custom\"><\/i><p class=\"wp-block-themeisle-blocks-icon-list-item-content\">List item 5<\/p><\/div>\n<\/div>\n<\/div>\n\n\n\n<div id=\"wp-block-themeisle-blocks-advanced-column-e0a218d6\" class=\"wp-block-themeisle-blocks-advanced-column\">\n<p class=\"has-text-align-center\"> I am impressed with the professionalism and exectution of the project by this team. Highly efficient, easy to communicate with and definitely know their craft. Thanks for an incredible result.<br><\/p>\n\n\n<div class=\"wp-block-image is-style-circle-mask\">\n<figure class=\"aligncenter size-large is-resized\"><img loading=\"lazy\" decoding=\"async\" width=\"80\" height=\"80\" src=\"http:\/\/hogarparatodos.com.ec\/wp-content\/uploads\/2019\/07\/neve-architect-demo-02.jpg\" alt=\"\" class=\"wp-image-133\" style=\"width:60px;height:60px\"\/><\/figure><\/div>\n\n\n<div style=\"height:16px\" aria-hidden=\"true\" class=\"wp-block-spacer\"><\/div>\n\n\n\n<h5 id=\"wp-block-themeisle-blocks-advanced-heading-acc095f4\" class=\"wp-block-themeisle-blocks-advanced-heading wp-block-themeisle-blocks-advanced-heading-acc095f4\">WILLIE WALTERS<\/h5>\n\n\n\n<span id=\"wp-block-themeisle-blocks-advanced-heading-25c85def\" class=\"wp-block-themeisle-blocks-advanced-heading wp-block-themeisle-blocks-advanced-heading-25c85def\">Arizona<\/span>\n\n\n\n<div id=\"wp-block-themeisle-blocks-icon-list-4b197aea\" class=\"wp-block-themeisle-blocks-icon-list is-style-horizontal ticss-b6c7ec6f\">\n<div id=\"wp-block-themeisle-blocks-icon-list-item-704047ed\" class=\"wp-block-themeisle-blocks-icon-list-item\"><i class=\"fas fa-star wp-block-themeisle-blocks-icon-list-item-icon-custom\"><\/i><p class=\"wp-block-themeisle-blocks-icon-list-item-content\">List item 5<\/p><\/div>\n\n\n\n<div id=\"wp-block-themeisle-blocks-icon-list-item-e30d42ac\" class=\"wp-block-themeisle-blocks-icon-list-item\"><i class=\"fas fa-star wp-block-themeisle-blocks-icon-list-item-icon-custom\"><\/i><p class=\"wp-block-themeisle-blocks-icon-list-item-content\">List item 5<\/p><\/div>\n\n\n\n<div id=\"wp-block-themeisle-blocks-icon-list-item-9ab702c1\" class=\"wp-block-themeisle-blocks-icon-list-item\"><i class=\"fas fa-star wp-block-themeisle-blocks-icon-list-item-icon-custom\"><\/i><p class=\"wp-block-themeisle-blocks-icon-list-item-content\">List item 5<\/p><\/div>\n\n\n\n<div id=\"wp-block-themeisle-blocks-icon-list-item-1b63af42\" class=\"wp-block-themeisle-blocks-icon-list-item\"><i class=\"fas fa-star wp-block-themeisle-blocks-icon-list-item-icon-custom\"><\/i><p class=\"wp-block-themeisle-blocks-icon-list-item-content\">List item 5<\/p><\/div>\n\n\n\n<div id=\"wp-block-themeisle-blocks-icon-list-item-b21bb443\" class=\"wp-block-themeisle-blocks-icon-list-item ticss-726c117d\"><i class=\"fas fa-star wp-block-themeisle-blocks-icon-list-item-icon-custom\"><\/i><p class=\"wp-block-themeisle-blocks-icon-list-item-content\">List item 5<\/p><\/div>\n<\/div>\n<\/div>\n<\/div><\/section>\n<\/div>\n<\/div><\/section>\n\n\n\n<div id=\"wp-block-themeisle-blocks-advanced-columns-7897f676\" class=\"wp-block-themeisle-blocks-advanced-columns alignfull has-4-columns has-desktop-equal-layout has-tablet-twoColumnGrid-layout has-mobile-twoColumnGrid-layout has-vertical-unset ticss-1a06025f has-dark-bg\"><div class=\"wp-block-themeisle-blocks-advanced-columns-overlay\"><\/div><div class=\"innerblocks-wrap\">\n<div id=\"wp-block-themeisle-blocks-advanced-column-d2c3c108\" class=\"wp-block-themeisle-blocks-advanced-column\">\n<h1 id=\"wp-block-themeisle-blocks-advanced-heading-f9f022a8\" class=\"wp-block-themeisle-blocks-advanced-heading wp-block-themeisle-blocks-advanced-heading-f9f022a8\">235 <\/h1>\n\n\n\n<h5 id=\"wp-block-themeisle-blocks-advanced-heading-e2893349\" class=\"wp-block-themeisle-blocks-advanced-heading wp-block-themeisle-blocks-advanced-heading-e2893349\"> <strong>PROJECTS<\/strong> <\/h5>\n<\/div>\n\n\n\n<div id=\"wp-block-themeisle-blocks-advanced-column-7280cf4b\" class=\"wp-block-themeisle-blocks-advanced-column\">\n<h1 id=\"wp-block-themeisle-blocks-advanced-heading-a65f5750\" class=\"wp-block-themeisle-blocks-advanced-heading wp-block-themeisle-blocks-advanced-heading-a65f5750\">421<\/h1>\n\n\n\n<h5 id=\"wp-block-themeisle-blocks-advanced-heading-89df693e\" class=\"wp-block-themeisle-blocks-advanced-heading wp-block-themeisle-blocks-advanced-heading-89df693e\">  BUILDING DESIGNS<br><br> <\/h5>\n<\/div>\n\n\n\n<div id=\"wp-block-themeisle-blocks-advanced-column-2f1bb7c2\" class=\"wp-block-themeisle-blocks-advanced-column\">\n<h1 id=\"wp-block-themeisle-blocks-advanced-heading-ffde79c7\" class=\"wp-block-themeisle-blocks-advanced-heading wp-block-themeisle-blocks-advanced-heading-ffde79c7\"> 2<\/h1>\n\n\n\n<h5 id=\"wp-block-themeisle-blocks-advanced-heading-b582ac78\" class=\"wp-block-themeisle-blocks-advanced-heading wp-block-themeisle-blocks-advanced-heading-b582ac78\">   OFFICE LOCATIONS<br><br> <\/h5>\n<\/div>\n\n\n\n<div id=\"wp-block-themeisle-blocks-advanced-column-1b9045b8\" class=\"wp-block-themeisle-blocks-advanced-column\">\n<h1 id=\"wp-block-themeisle-blocks-advanced-heading-5f4d86f7\" class=\"wp-block-themeisle-blocks-advanced-heading wp-block-themeisle-blocks-advanced-heading-5f4d86f7\">17<\/h1>\n\n\n\n<h5 id=\"wp-block-themeisle-blocks-advanced-heading-56e1f7a6\" class=\"wp-block-themeisle-blocks-advanced-heading wp-block-themeisle-blocks-advanced-heading-56e1f7a6\"> YEARS OF EXPERIENCE<br><br> <\/h5>\n<\/div>\n<\/div><\/div>\n","protected":false},"excerpt":{"rendered":"","protected":false},"author":1,"featured_media":0,"parent":0,"menu_order":0,"comment_status":"closed","ping_status":"closed","template":"page-templates\/template-pagebuilder-full-width.php","meta":{"om_disable_all_campaigns":false,"neve_meta_sidebar":"full-width","neve_meta_container":"","neve_meta_enable_content_width":"on","neve_meta_content_width":100,"neve_meta_title_alignment":"","neve_meta_author_avatar":"","neve_post_elements_order":"","neve_meta_disable_header":"","neve_meta_disable_footer":"","neve_meta_disable_title":"","_themeisle_gutenberg_block_has_review":false,"_ti_tpc_template_sync":false,"_ti_tpc_template_id":"1rnamfyfnv5hpxmgqau9","footnotes":""},"aioseo_notices":[],"jetpack_sharing_enabled":true,"_links":{"self":[{"href":"https:\/\/hogarparatodos.com.ec\/index.php?rest_route=\/wp\/v2\/pages\/201"}],"collection":[{"href":"https:\/\/hogarparatodos.com.ec\/index.php?rest_route=\/wp\/v2\/pages"}],"about":[{"href":"https:\/\/hogarparatodos.com.ec\/index.php?rest_route=\/wp\/v2\/types\/page"}],"author":[{"embeddable":true,"href":"https:\/\/hogarparatodos.com.ec\/index.php?rest_route=\/wp\/v2\/users\/1"}],"replies":[{"embeddable":true,"href":"https:\/\/hogarparatodos.com.ec\/index.php?rest_route=%2Fwp%2Fv2%2Fcomments&post=201"}],"version-history":[{"count":16,"href":"https:\/\/hogarparatodos.com.ec\/index.php?rest_route=\/wp\/v2\/pages\/201\/revisions"}],"predecessor-version":[{"id":611,"href":"https:\/\/hogarparatodos.com.ec\/index.php?rest_route=\/wp\/v2\/pages\/201\/revisions\/611"}],"wp:attachment":[{"href":"https:\/\/hogarparatodos.com.ec\/index.php?rest_route=%2Fwp%2Fv2%2Fmedia&parent=201"}],"curies":[{"name":"wp","href":"https:\/\/api.w.org\/{rel}","templated":true}]}}